{"id":877,"date":"2020-08-22T08:31:56","date_gmt":"2020-08-22T08:31:56","guid":{"rendered":"https:\/\/annaornella.com\/movimentidallinvisibile\/chi-sono-2\/"},"modified":"2021-04-13T22:09:57","modified_gmt":"2021-04-13T22:09:57","slug":"chi-sono-2","status":"publish","type":"page","link":"https:\/\/annaornella.com\/movimentidallinvisibile\/chi-sono-2\/","title":{"rendered":"Chi sono"},"content":{"rendered":"<div id=\"pbuilder_wrapper\">\n<div id=\"pbuilder_content_wrapper\">\n<div id=\"pbuilder_content\">\n<div class=\"pbuilder_row_full_width pbuilder_row pbuilder_row_id_0\" style=\"border: none;\" data-rowtype=\"0\" data-rowid=\"0\">\n<div class=\"pbuilder_row_background pbuilder_row_background_parallax\">\n<div class=\"pbuilder_row_back_image\" style=\"background-image: url('https:\/\/annaornella.com\/movimentidallinvisibile\/wp-content\/uploads\/2020\/08\/animal-4741740_1280.jpg'); background-color: #0a3681; background-repeat: repeat-x; background-position: center top;\"><\/div>\n<\/div>\n<div class=\"pbuilder_row_colwrapper\" style=\"padding: 10px 0px 10px 0px;\">\n<div class=\"pbuilder_column pbuilder_column-1-1\" data-colnumber=\"0\">\n<div class=\"pbuilder_column_background\" style=\"border: none;\"><\/div>\n<div class=\" pbuilder_column_inner pbuilder_droppable\">\n<div class=\"pbuilder_module\" data-shortcode=\"text\" data-modid=\"0\">\n<style type=\"text\/css\" scoped=\"scoped\">\n    #frb_text_1985535470, #frb_text_1985535470 *{letter-spacing:0px;}<br \/>\n    #frb_text_1985535470 a{color: rgb(255, 255, 255);}<br \/>\n    #frb_text_1985535470 a:hover{color: #808080;}@media only screen and (max-width : 768px) {<br \/>\n        #frb_text_1985535470{font-size:40px !important;}<br \/>\n        #frb_text_1985535470 .frb_button_icon{font-size:26px !important;}<\/p>\n<p>      }<\/style>\n<style type=\"text\/css\" scoped=\"scoped\">#frb_text_1985535470.frb_onScreen.frb_animated {-webkit-animation-duration: 1000ms; animation-duration: 1000ms;}#frb_text_1985535470.frb_onScreen.frb_hinge {-webkit-animation-duration: 2000ms; animation-duration: 2000ms;}<\/style>\n<div id=\"frb_text_1985535470\" class=\"\" style=\"margin: 0px 0px 36px 0px; padding: 0px 0px 0px 0px; border: none; text-align: center; font-size: 80px; line-height: 110%;\">\n<div class=\"frb_text\" style=\"color: #ffffff;\">\n<h1><span style=\"font-size: 14pt; color: #ffffff;\"><strong>Counselor Sistemico &#8211; Facilitatrice del percorso biografico attraverso l&#8217;Astrologia e la Tarologia &#8211; Formatrice e praticante di Sciamanesimo<\/strong><\/span><\/h1>\n<\/div>\n<\/div>\n<\/div>\n<div class=\"pbuilder_module\" data-shortcode=\"text\" data-modid=\"13\">\n<style type=\"text\/css\" scoped=\"scoped\">\n    #frb_text_1465147958, #frb_text_1465147958 *{letter-spacing:0px;}<br \/>\n    #frb_text_1465147958 a{color: rgb(255, 255, 255);}<br \/>\n    #frb_text_1465147958 a:hover{color: #808080;}@media only screen and (max-width : 768px) {<br \/>\n        #frb_text_1465147958{font-size:40px !important;}<br \/>\n        #frb_text_1465147958 .frb_button_icon{font-size:26px !important;}<\/p>\n<p>      }<\/style>\n<style type=\"text\/css\" scoped=\"scoped\">#frb_text_1465147958.frb_onScreen.frb_animated {-webkit-animation-duration: 1000ms; animation-duration: 1000ms;}#frb_text_1465147958.frb_onScreen.frb_hinge {-webkit-animation-duration: 2000ms; animation-duration: 2000ms;}<\/style>\n<div id=\"frb_text_1465147958\" class=\"\" style=\"margin: 0px 0px 36px 0px; padding: 0px 0px 0px 0px; border: none; text-align: center; font-size: 70px; line-height: 110%;\">\n<div class=\"frb_text\" style=\"color: #ffffff;\">ma chi \u00e8 Anna Ornella?<\/div>\n<\/div>\n<\/div>\n<\/div>\n<\/div>\n<div style=\"clear: both;\"><\/div>\n<\/div>\n<\/div>\n<style><\/style>\n<div class=\"pbuilder_row pbuilder_row_id_1\" style=\"border: none;\" data-rowtype=\"1\" data-rowid=\"1\">\n<div class=\"pbuilder_row_background\" style=\"background-color: #072559;\"><\/div>\n<div class=\"pbuilder_row_colwrapper\" style=\"padding: 20px 20px 10px 20px;\">\n<div class=\"pbuilder_column pbuilder_column-1-2\" data-colnumber=\"0\">\n<div class=\"pbuilder_column_background\" style=\"border: none;\"><\/div>\n<div class=\" pbuilder_column_inner pbuilder_droppable\">\n<div class=\"pbuilder_module\" data-shortcode=\"text\" data-modid=\"2\">\n<style type=\"text\/css\" scoped=\"scoped\">\n    #frb_text_455839763, #frb_text_455839763 *{letter-spacing:0px;}<br \/>\n    #frb_text_455839763 a{color: rgb(255, 255, 255);}<br \/>\n    #frb_text_455839763 a:hover{color: #808080;}@media only screen and (max-width : 768px) {<br \/>\n        #frb_text_455839763{font-size:20px !important;}<br \/>\n        #frb_text_455839763 .frb_button_icon{font-size:26px !important;}<\/p>\n<p>      }<\/style>\n<style type=\"text\/css\" scoped=\"scoped\">#frb_text_455839763.frb_onScreen.frb_animated {-webkit-animation-duration: 1000ms; animation-duration: 1000ms;}#frb_text_455839763.frb_onScreen.frb_hinge {-webkit-animation-duration: 2000ms; animation-duration: 2000ms;}<\/style>\n<div id=\"frb_text_455839763\" class=\"\" style=\"margin: 0px 0px 36px 0px; padding: 0px 0px 0px 0px; border: none; text-align: left; font-size: 20px; line-height: 26px;\">\n<div class=\"frb_text\" style=\"color: #ffffff;\">\n<p>Quando ancora capivo poco e niente trovavo molto noiose le biografie.<\/p>\n<p>Mi aspettava al varco uno dei pilastri fondamentali su cui ho costruito e ricostruito il senso della mia vita: lo studio della Biografia umana alla luce della Scienza dello Spirito.<\/p>\n<\/div>\n<\/div>\n<\/div>\n<\/div>\n<\/div>\n<div class=\"pbuilder_column pbuilder_column-1-2\" data-colnumber=\"1\">\n<div class=\"pbuilder_column_background\" style=\"border: none;\"><\/div>\n<div class=\" pbuilder_column_inner pbuilder_droppable\">\n<div class=\"pbuilder_module\" data-shortcode=\"image\" data-modid=\"1\">\n<style type=\"text\/css\" scoped=\"scoped\">#frb_image_920040715.frb_onScreen.frb_animated {-webkit-animation-duration: 1000ms; animation-duration: 1000ms;}#frb_image_920040715.frb_onScreen.frb_hinge {-webkit-animation-duration: 2000ms; animation-duration: 2000ms;}<\/style>\n<style type=\"text\/css\" scoped=\"scoped\">#frb_image_920040715 .frb_image_hover {background:#000000;}<\/style>\n<div id=\"frb_image_920040715\" class=\"\">\n<div class=\"frb_image\"><span style=\"text-align: center; width: 100%; display: block;\"><span class=\"frb_image_inner frb_image_border \" data-bordercolor=\"#376a6e\" data-borderhover=\"#376a6e\"><br \/>\n<img decoding=\"async\" id=\"\" class=\" frb_image_flat\" style=\"margin: 0px 0px 0px 0px; padding: 0px 0px 0px 0px; border: none; box-sizing: border-box; margin-left: auto; margin-right: auto;\" title=\"annachisiamo\" src=\"https:\/\/annaornella.com\/movimentidallinvisibile\/wp-content\/uploads\/2020\/08\/annachisiamo.jpg\" alt=\"annachisiamo\" \/><br \/>\n<i class=\"frb_icon fa fa-search\" style=\"line-height: 30px; font-size: 30px; height: 30px; width: 30px; margin: -15px;\"><\/i><\/span><\/span><\/div>\n<\/div>\n<style><\/style>\n<\/div>\n<\/div>\n<\/div>\n<div style=\"clear: both;\"><\/div>\n<\/div>\n<\/div>\n<style><\/style>\n<div class=\"pbuilder_row pbuilder_row_id_5\" style=\"border: none;\" data-rowtype=\"1\" data-rowid=\"5\">\n<div class=\"pbuilder_row_background\" style=\"background-color: #072559;\"><\/div>\n<div class=\"pbuilder_row_colwrapper\" style=\"padding: 20px 20px 10px 20px;\">\n<div class=\"pbuilder_column pbuilder_column-1-2\" data-colnumber=\"0\">\n<div class=\"pbuilder_column_background\" style=\"border: none;\"><\/div>\n<div class=\" pbuilder_column_inner pbuilder_droppable\">\n<div class=\"pbuilder_module\" data-shortcode=\"text\" data-modid=\"10\">\n<style type=\"text\/css\" scoped=\"scoped\">\n    #frb_text_1418300651, #frb_text_1418300651 *{letter-spacing:0px;}<br \/>\n    #frb_text_1418300651 a{color: rgb(255, 255, 255);}<br \/>\n    #frb_text_1418300651 a:hover{color: #808080;}@media only screen and (max-width : 768px) {<br \/>\n        #frb_text_1418300651{font-size:20px !important;}<br \/>\n        #frb_text_1418300651 .frb_button_icon{font-size:26px !important;}<\/p>\n<p>      }<\/style>\n<style type=\"text\/css\" scoped=\"scoped\">#frb_text_1418300651.frb_onScreen.frb_animated {-webkit-animation-duration: 1000ms; animation-duration: 1000ms;}#frb_text_1418300651.frb_onScreen.frb_hinge {-webkit-animation-duration: 2000ms; animation-duration: 2000ms;}<\/style>\n<div id=\"frb_text_1418300651\" class=\"\" style=\"margin: 0px 0px 36px 0px; padding: 0px 0px 0px 0px; border: none; text-align: left; font-size: 20px; line-height: 26px;\">\n<div class=\"frb_text\" style=\"color: #ffffff;\">Mi spiego meglio\u2026 per me tutto ha acquisito un preciso senso quando ho smesso improvvisamente di vedere la mia vita cos\u00ec:<\/div>\n<\/div>\n<\/div>\n<\/div>\n<\/div>\n<div class=\"pbuilder_column pbuilder_column-1-2\" data-colnumber=\"1\">\n<div class=\"pbuilder_column_background\" style=\"border: none;\"><\/div>\n<div class=\" pbuilder_column_inner pbuilder_droppable\">\n<div class=\"pbuilder_module\" data-shortcode=\"image\" data-modid=\"11\">\n<style type=\"text\/css\" scoped=\"scoped\">#frb_image_419417304.frb_onScreen.frb_animated {-webkit-animation-duration: 1000ms; animation-duration: 1000ms;}#frb_image_419417304.frb_onScreen.frb_hinge {-webkit-animation-duration: 2000ms; animation-duration: 2000ms;}<\/style>\n<style type=\"text\/css\" scoped=\"scoped\">#frb_image_419417304 .frb_image_hover {background:#000000;}<\/style>\n<div id=\"frb_image_419417304\" class=\"\">\n<div class=\"frb_image\"><span style=\"text-align: center; width: 100%; display: block;\"><span class=\"frb_image_inner frb_image_border \" data-bordercolor=\"#376a6e\" data-borderhover=\"#376a6e\"><br \/>\n<img decoding=\"async\" id=\"\" class=\" frb_image_flat\" style=\"margin: 0px 0px 0px 0px; padding: 0px 0px 0px 0px; border: none; box-sizing: border-box; margin-left: auto; margin-right: auto;\" title=\"Verde\" src=\"https:\/\/annaornella.com\/movimentidallinvisibile\/wp-content\/uploads\/2020\/08\/Verde.jpg\" alt=\"Verde\" \/><br \/>\n<i class=\"frb_icon fa fa-search\" style=\"line-height: 30px; font-size: 30px; height: 30px; width: 30px; margin: -15px;\"><\/i><\/span><\/span><\/div>\n<\/div>\n<style><\/style>\n<\/div>\n<\/div>\n<\/div>\n<div style=\"clear: both;\"><\/div>\n<\/div>\n<\/div>\n<style><\/style>\n<div class=\"pbuilder_row pbuilder_row_id_3\" style=\"border: none;\" data-rowtype=\"1\" data-rowid=\"3\">\n<div class=\"pbuilder_row_background\" style=\"background-color: #072559;\"><\/div>\n<div class=\"pbuilder_row_colwrapper\" style=\"padding: 10px 20px 10px 20px;\">\n<div class=\"pbuilder_column pbuilder_column-1-2\" data-colnumber=\"0\">\n<div class=\"pbuilder_column_background\" style=\"border: none;\"><\/div>\n<div class=\" pbuilder_column_inner pbuilder_droppable\">\n<div class=\"pbuilder_module\" data-shortcode=\"text\" data-modid=\"9\">\n<style type=\"text\/css\" scoped=\"scoped\">\n    #frb_text_1624197364, #frb_text_1624197364 *{letter-spacing:0px;}<br \/>\n    #frb_text_1624197364 a{color: rgb(255, 255, 255);}<br \/>\n    #frb_text_1624197364 a:hover{color: #808080;}@media only screen and (max-width : 768px) {<br \/>\n        #frb_text_1624197364{font-size:20px !important;}<br \/>\n        #frb_text_1624197364 .frb_button_icon{font-size:26px !important;}<\/p>\n<p>      }<\/style>\n<style type=\"text\/css\" scoped=\"scoped\">#frb_text_1624197364.frb_onScreen.frb_animated {-webkit-animation-duration: 1000ms; animation-duration: 1000ms;}#frb_text_1624197364.frb_onScreen.frb_hinge {-webkit-animation-duration: 2000ms; animation-duration: 2000ms;}<\/style>\n<div id=\"frb_text_1624197364\" class=\"\" style=\"margin: 0px 0px 36px 0px; padding: 0px 0px 0px 0px; border: none; text-align: left; font-size: 20px; line-height: 26px;\">\n<div class=\"frb_text\" style=\"color: #ffffff;\">\n<p>&#8230;e ho invece cominciato a vederla con questa questa curva esattamente rovesciata rispetto alla precedente:<\/p>\n<\/div>\n<\/div>\n<\/div>\n<\/div>\n<\/div>\n<div class=\"pbuilder_column pbuilder_column-1-2\" data-colnumber=\"1\">\n<div class=\"pbuilder_column_background\" style=\"border: none;\"><\/div>\n<div class=\" pbuilder_column_inner pbuilder_droppable\">\n<div class=\"pbuilder_module\" data-shortcode=\"image\" data-modid=\"3\">\n<style type=\"text\/css\" scoped=\"scoped\">#frb_image_1109667768.frb_onScreen.frb_animated {-webkit-animation-duration: 1000ms; animation-duration: 1000ms;}#frb_image_1109667768.frb_onScreen.frb_hinge {-webkit-animation-duration: 2000ms; animation-duration: 2000ms;}<\/style>\n<style type=\"text\/css\" scoped=\"scoped\">#frb_image_1109667768 .frb_image_hover {background:#000000;}<\/style>\n<div id=\"frb_image_1109667768\" class=\"\">\n<div class=\"frb_image\"><span style=\"text-align: center; width: 100%; display: block;\"><span class=\"frb_image_inner frb_image_border \" data-bordercolor=\"#376a6e\" data-borderhover=\"#376a6e\"><br \/>\n<img decoding=\"async\" id=\"\" class=\" frb_image_flat\" style=\"margin: 0px 0px 0px 0px; padding: 0px 0px 0px 0px; border: none; box-sizing: border-box; margin-left: auto; margin-right: auto;\" title=\"Blu\" src=\"https:\/\/annaornella.com\/movimentidallinvisibile\/wp-content\/uploads\/2020\/08\/Blu.jpg\" alt=\"Blu\" \/><br \/>\n<i class=\"frb_icon fa fa-search\" style=\"line-height: 30px; font-size: 30px; height: 30px; width: 30px; margin: -15px;\"><\/i><\/span><\/span><\/div>\n<\/div>\n<style><\/style>\n<\/div>\n<\/div>\n<\/div>\n<div style=\"clear: both;\"><\/div>\n<\/div>\n<\/div>\n<style><\/style>\n<div class=\"pbuilder_row pbuilder_row_id_7\" style=\"border: none;\" data-rowtype=\"0\" data-rowid=\"7\">\n<div class=\"pbuilder_row_background\" style=\"background: linear-gradient(#072559, #0c2653);\"><\/div>\n<div class=\"pbuilder_row_colwrapper\" style=\"padding: 10px 20px 10px 20px;\">\n<div class=\"pbuilder_column pbuilder_column-1-1\" data-colnumber=\"0\">\n<div class=\"pbuilder_column_background\" style=\"border: none;\"><\/div>\n<div class=\" pbuilder_column_inner pbuilder_droppable\">\n<div class=\"pbuilder_module\" data-shortcode=\"text\" data-modid=\"17\">\n<style type=\"text\/css\" scoped=\"scoped\">\n    #frb_text_1309534189, #frb_text_1309534189 *{letter-spacing:0px;}<br \/>\n    #frb_text_1309534189 a{color: rgb(255, 255, 255);}<br \/>\n    #frb_text_1309534189 a:hover{color: #808080;}@media only screen and (max-width : 768px) {<br \/>\n        #frb_text_1309534189{font-size:20px !important;}<br \/>\n        #frb_text_1309534189 .frb_button_icon{font-size:26px !important;}<\/p>\n<p>      }<\/style>\n<style type=\"text\/css\" scoped=\"scoped\">#frb_text_1309534189.frb_onScreen.frb_animated {-webkit-animation-duration: 1000ms; animation-duration: 1000ms;}#frb_text_1309534189.frb_onScreen.frb_hinge {-webkit-animation-duration: 2000ms; animation-duration: 2000ms;}<\/style>\n<div id=\"frb_text_1309534189\" class=\"\" style=\"margin: 0px 0px 36px 0px; padding: 0px 0px 0px 0px; border: none; text-align: left; font-size: 20px; line-height: 26px;\">\n<div class=\"frb_text\" style=\"color: #ffffff;\">\n<h2 style=\"text-align: center;\"><span style=\"color: #ffffff;\">Lascia che ti dica<br \/>\nperch\u00e9 capovolgere questa curva \u00e8 cos\u00ec importante:<\/span><\/h2>\n<p>discendiamo dai mondi spirituali ed entriamo sempre pi\u00f9 nell\u2019esistenza fino al punto pi\u00f9 doloroso dell\u2019incarnazione, intorno ai 33 anni. Se in questo punto critico si accetta la crisi e ci si comincia a disidentificarsi dalla materia di cui sembra fatta la realt\u00e0,\u00a0 ci\u00f2 che avviene da quel punto in poi, \u00e8 una risalita verso lo Spirito, che \u00e8 un dispiegarsi progressivo verso la Luce e la Gioia.<\/p>\n<p>Vedi, \u00e8 esattamente l\u2019opposto di come ci vogliano far credere sia la vita! Non \u00e8 come il primo prospetto dove si nasce, si cresce e poi il declino. Ma \u00e8 tutto il contrario.<\/p>\n<p>Cos\u00ec ho cominciato ad accorgermi anche che nella fase di ritorno, quindi sulla linea ascendente, potevo restituire tutto quel bene di cui non mi ero mai troppo resa conto, occupata com\u2019ero a leccarmi le ferite\u2026 ma che era stato immenso: quanti doni, quante persone si sono sacrificate per me, quanti incontri preziosi, quanti insegnamenti \u2026.<\/p>\n<h2 style=\"text-align: center;\"><\/h2>\n<\/div>\n<\/div>\n<\/div>\n<\/div>\n<\/div>\n<div style=\"clear: both;\"><\/div>\n<\/div>\n<\/div>\n<style><\/style>\n<div class=\"pbuilder_row_full_width pbuilder_row pbuilder_row_id_6\" style=\"border: none;\" data-rowtype=\"0\" data-rowid=\"6\">\n<div class=\"pbuilder_row_background pbuilder_row_background_parallax\">\n<div class=\"pbuilder_row_back_image\" style=\"background-image: url('https:\/\/annaornella.com\/movimentidallinvisibile\/wp-content\/uploads\/2020\/08\/animal-4741740_1280.jpg'); background-color: #0a3681; background-repeat: repeat-x; background-position: center top;\"><\/div>\n<\/div>\n<div class=\"pbuilder_row_colwrapper\" style=\"padding: 10px 0px 10px 0px;\">\n<div class=\"pbuilder_column pbuilder_column-1-1\" data-colnumber=\"0\">\n<div class=\"pbuilder_column_background\" style=\"border: none;\"><\/div>\n<div class=\" pbuilder_column_inner pbuilder_droppable\">\n<div class=\"pbuilder_module\" data-shortcode=\"text\" data-modid=\"16\">\n<style type=\"text\/css\" scoped=\"scoped\">\n    #frb_text_1318183145, #frb_text_1318183145 *{letter-spacing:0px;}<br \/>\n    #frb_text_1318183145 a{color: rgb(255, 255, 255);}<br \/>\n    #frb_text_1318183145 a:hover{color: #808080;}@media only screen and (max-width : 768px) {<br \/>\n        #frb_text_1318183145{font-size:40px !important;}<br \/>\n        #frb_text_1318183145 .frb_button_icon{font-size:26px !important;}<\/p>\n<p>      }<\/style>\n<style type=\"text\/css\" scoped=\"scoped\">#frb_text_1318183145.frb_onScreen.frb_animated {-webkit-animation-duration: 1000ms; animation-duration: 1000ms;}#frb_text_1318183145.frb_onScreen.frb_hinge {-webkit-animation-duration: 2000ms; animation-duration: 2000ms;}<\/style>\n<div id=\"frb_text_1318183145\" class=\"\" style=\"margin: 0px 0px 36px 0px; padding: 0px 0px 0px 0px; border: none; text-align: center; font-size: 65px; line-height: 110%;\">\n<div class=\"frb_text\" style=\"color: #ffffff;\">dunque chi sono io?<\/div>\n<\/div>\n<\/div>\n<\/div>\n<\/div>\n<div style=\"clear: both;\"><\/div>\n<\/div>\n<\/div>\n<style><\/style>\n<div class=\"pbuilder_row pbuilder_row_id_4\" style=\"border: none;\" data-rowtype=\"0\" data-rowid=\"4\">\n<div class=\"pbuilder_row_background\" style=\"background: linear-gradient(#072559, #0c2653);\"><\/div>\n<div class=\"pbuilder_row_colwrapper\" style=\"padding: 10px 20px 10px 20px;\">\n<div class=\"pbuilder_column pbuilder_column-1-1\" data-colnumber=\"0\">\n<div class=\"pbuilder_column_background\" style=\"border: none;\"><\/div>\n<div class=\" pbuilder_column_inner pbuilder_droppable\">\n<div class=\"pbuilder_module\" data-shortcode=\"text\" data-modid=\"8\">\n<style type=\"text\/css\" scoped=\"scoped\">\n    #frb_text_1298773756, #frb_text_1298773756 *{letter-spacing:0px;}<br \/>\n    #frb_text_1298773756 a{color: rgb(255, 255, 255);}<br \/>\n    #frb_text_1298773756 a:hover{color: #808080;}@media only screen and (max-width : 768px) {<br \/>\n        #frb_text_1298773756{font-size:20px !important;}<br \/>\n        #frb_text_1298773756 .frb_button_icon{font-size:26px !important;}<\/p>\n<p>      }<\/style>\n<style type=\"text\/css\" scoped=\"scoped\">#frb_text_1298773756.frb_onScreen.frb_animated {-webkit-animation-duration: 1000ms; animation-duration: 1000ms;}#frb_text_1298773756.frb_onScreen.frb_hinge {-webkit-animation-duration: 2000ms; animation-duration: 2000ms;}<\/style>\n<div id=\"frb_text_1298773756\" class=\"\" style=\"margin: 0px 0px 36px 0px; padding: 0px 0px 0px 0px; border: none; text-align: left; font-size: 20px; line-height: 26px;\">\n<div class=\"frb_text\" style=\"color: #ffffff;\">\n<p>Io sono le infinite vibrazioni che mi sono arrivate in dono dalla Grazia della Vita. Per questa ragione in questa sessione non troverai il lunghissimo elenco di tutte le vie intraprese. Del resto anche se mettessi questo elenco non indicherebbe affatto che sono brava, ma soltanto che non ho mai smesso di cercare.<\/p>\n<p>Sai, io, come te, ho avuto una vita dove sembravano essersi dati appuntamento dolori insostenibili. O almeno cos\u00ec credevo, perch\u00e9 la verit\u00e0 \u00e8 che potevo sostenerli, dovevo farlo, perch\u00e9 in essi c\u2019era lo scrigno segreto.<\/p>\n<p>Andare verso la Luce \u00e8 una scelta. E questa scelta inizia quando si decide nel profondo di andare oltre l\u2019apparenza della propria vicenda, e si smette di essere identificati con quella apparenza.<br \/>\nAllora la vita cambia: si cominciano ad incontrare solo cose meravigliose.<br \/>\nNon vuol dire affatto che smettono di esistere le prove. Vuol dire solo che i tuoi occhi pieni di lacrime sanno vedere la luce in esse e quanto siano benedette.<\/p>\n<p>La mia vita \u00e8 dedicata alla Relazione d&#8217;Aiuto. Mi adopero con tutto l&#8217;intento del cuore affinch\u00e9 tutti coloro, che passano per la mia via, possano, con il mio supporto, risplendere di quell&#8217;immenso amore di cui sono intessuti, e possano toccare la forza delle risorse pi\u00f9 vere e profonde del S\u00e8.<\/p>\n<\/div>\n<\/div>\n<\/div>\n<\/div>\n<\/div>\n<div style=\"clear: both;\"><\/div>\n<\/div>\n<\/div>\n<style><\/style>\n<div class=\"pbuilder_row_full_width pbuilder_row pbuilder_row_id_2\" style=\"border: none;\" data-rowtype=\"0\" data-rowid=\"2\">\n<div class=\"pbuilder_row_background pbuilder_row_background_parallax\">\n<div class=\"pbuilder_row_back_image\" style=\"background-image: url('https:\/\/annaornella.com\/movimentidallinvisibile\/wp-content\/uploads\/2020\/08\/animal-4741740_1280.jpg'); background-color: #0a3681; background-repeat: repeat-x; background-position: center top;\"><\/div>\n<\/div>\n<div class=\"pbuilder_row_colwrapper\" style=\"padding: 10px 0px 10px 0px;\">\n<div class=\"pbuilder_column pbuilder_column-1-1\" data-colnumber=\"0\">\n<div class=\"pbuilder_column_background\" style=\"border: none;\"><\/div>\n<div class=\" pbuilder_column_inner pbuilder_droppable\">\n<div class=\"pbuilder_module\" data-shortcode=\"text\" data-modid=\"5\">\n<style type=\"text\/css\" scoped=\"scoped\">\n    #frb_text_98591096, #frb_text_98591096 *{letter-spacing:0px;}<br \/>\n    #frb_text_98591096 a{color: rgb(255, 255, 255);}<br \/>\n    #frb_text_98591096 a:hover{color: #808080;}@media only screen and (max-width : 768px) {<br \/>\n        #frb_text_98591096{font-size:40px !important;}<br \/>\n        #frb_text_98591096 .frb_button_icon{font-size:26px !important;}<\/p>\n<p>      }<\/style>\n<style type=\"text\/css\" scoped=\"scoped\">#frb_text_98591096.frb_onScreen.frb_animated {-webkit-animation-duration: 1000ms; animation-duration: 1000ms;}#frb_text_98591096.frb_onScreen.frb_hinge {-webkit-animation-duration: 2000ms; animation-duration: 2000ms;}<\/style>\n<div id=\"frb_text_98591096\" class=\"\" style=\"margin: 0px 0px 36px 0px; padding: 0px 0px 0px 0px; border: none; text-align: center; font-size: 25px; line-height: 110%;\">\n<div class=\"frb_text\" style=\"color: #ffffff;\"><strong>Infinite vite ci sono state, infinite ce ne saranno \u2026<br \/>\nla vera grande opportunit\u00e0 di crescita spirituale non \u00e8 nel mondo dei cieli, ma qui sulla Terra.<\/strong><\/div>\n<\/div>\n<\/div>\n<div class=\"pbuilder_module\" data-shortcode=\"text\" data-modid=\"6\">\n<style type=\"text\/css\" scoped=\"scoped\">\n    #frb_text_1467008617, #frb_text_1467008617 *{letter-spacing:0px;}<br \/>\n    #frb_text_1467008617 a{color: rgb(255, 255, 255);}<br \/>\n    #frb_text_1467008617 a:hover{color: #808080;}@media only screen and (max-width : 768px) {<br \/>\n        #frb_text_1467008617{font-size:40px !important;}<br \/>\n        #frb_text_1467008617 .frb_button_icon{font-size:26px !important;}<\/p>\n<p>      }<\/style>\n<style type=\"text\/css\" scoped=\"scoped\">#frb_text_1467008617.frb_onScreen.frb_animated {-webkit-animation-duration: 1000ms; animation-duration: 1000ms;}#frb_text_1467008617.frb_onScreen.frb_hinge {-webkit-animation-duration: 2000ms; animation-duration: 2000ms;}<\/style>\n<div id=\"frb_text_1467008617\" class=\"\" style=\"margin: 0px 0px 36px 0px; padding: 0px 0px 0px 0px; border: none; text-align: center; font-size: 70px; line-height: 110%;\">\n<div class=\"frb_text\" style=\"color: #ffffff;\"><\/div>\n<\/div>\n<\/div>\n<\/div>\n<\/div>\n<div style=\"clear: both;\"><\/div>\n<\/div>\n<\/div>\n<style><\/style>\n<\/div>\n<div style=\"clear: both;\"><\/div>\n<\/div>\n<div style=\"clear: both;\"><\/div>\n<\/div>\n","protected":false},"excerpt":{"rendered":"<p>Counselor Sistemico &#8211; Facilitatrice del percorso biografico attraverso l&#8217;Astrologia e la Tarologia &#8211; Formatrice e praticante di Sciamanesimo ma chi \u00e8 Anna Ornella? Quando ancora capivo poco e niente trovavo molto noiose le biografie. Mi aspettava al varco uno dei pilastri fondamentali su cui ho costruito e ricostruito il senso della mia vita: lo studio della Biografia umana alla luce della Scienza dello Spirito. Mi spiego meglio\u2026 per me tutto ha acquisito un preciso senso quando ho smesso improvvisamente di vedere la mia vita cos\u00ec: &#8230;e ho invece cominciato a vederla con questa questa curva esattamente rovesciata rispetto alla precedente: [&hellip;]<\/p>\n","protected":false},"author":1,"featured_media":0,"parent":0,"menu_order":0,"comment_status":"closed","ping_status":"closed","template":"","meta":{"footnotes":""},"_links":{"self":[{"href":"https:\/\/annaornella.com\/movimentidallinvisibile\/wp-json\/wp\/v2\/pages\/877"}],"collection":[{"href":"https:\/\/annaornella.com\/movimentidallinvisibile\/wp-json\/wp\/v2\/pages"}],"about":[{"href":"https:\/\/annaornella.com\/movimentidallinvisibile\/wp-json\/wp\/v2\/types\/page"}],"author":[{"embeddable":true,"href":"https:\/\/annaornella.com\/movimentidallinvisibile\/wp-json\/wp\/v2\/users\/1"}],"replies":[{"embeddable":true,"href":"https:\/\/annaornella.com\/movimentidallinvisibile\/wp-json\/wp\/v2\/comments?post=877"}],"version-history":[{"count":2,"href":"https:\/\/annaornella.com\/movimentidallinvisibile\/wp-json\/wp\/v2\/pages\/877\/revisions"}],"predecessor-version":[{"id":986,"href":"https:\/\/annaornella.com\/movimentidallinvisibile\/wp-json\/wp\/v2\/pages\/877\/revisions\/986"}],"wp:attachment":[{"href":"https:\/\/annaornella.com\/movimentidallinvisibile\/wp-json\/wp\/v2\/media?parent=877"}],"curies":[{"name":"wp","href":"https:\/\/api.w.org\/{rel}","templated":true}]}}